{"id":802,"date":"2018-12-06T16:06:25","date_gmt":"2018-12-06T19:06:25","guid":{"rendered":"https:\/\/www.madelenon.com\/en\/?post_type=product&#038;p=802"},"modified":"2019-07-15T08:37:31","modified_gmt":"2019-07-15T11:37:31","slug":"winter-set","status":"publish","type":"product","link":"https:\/\/www.madelenon.com\/en\/product\/winter-set\/","title":{"rendered":"Winter Set"},"content":{"rendered":"","protected":false},"excerpt":{"rendered":"<p class=\"western\"><span style=\"color: #000000;\">\u2018 <span style=\"font-size: small;\">\u1d25 \u2018 This is a PDF crochet pattern \u2013 NOT a doll \u2018 \u1d25 \u2018<\/span><\/span><\/p>\n<p class=\"western\"><strong>THIS WINTER OUTFIT IS JUST ADORABLE! <\/strong><\/p>\n<p class=\"western\">And keep your little friends super warm and elegant while playing with the cute Rolo, the snowman<\/p>\n<p class=\"western\">Get the customizable pattern and prepare yourself for a magical Christmas.<\/p>\n<p class=\"western\">You can choose the entire set or pick some of the accessories to personalize the pattern as you prefer.<\/p>\n<p class=\"western\">Si necesit\u00e1s descargar este patr\u00f3n en espa\u00f1ol, visit\u00e1 el sitio www.madelenon.com\/es<\/p>\n<p><span style=\"color: #000000;\"><span style=\"font-family: Calibri, sans-serif;\"><span style=\"font-size: small;\">\u00a0<\/span><\/span><\/span><\/p>\n","protected":false},"featured_media":808,"template":"","meta":[],"product_cat":[18,19],"product_tag":[],"_links":{"self":[{"href":"https:\/\/www.madelenon.com\/en\/wp-json\/wp\/v2\/product\/802"}],"collection":[{"href":"https:\/\/www.madelenon.com\/en\/wp-json\/wp\/v2\/product"}],"about":[{"href":"https:\/\/www.madelenon.com\/en\/wp-json\/wp\/v2\/types\/product"}],"wp:featuredmedia":[{"embeddable":true,"href":"https:\/\/www.madelenon.com\/en\/wp-json\/wp\/v2\/media\/808"}],"wp:attachment":[{"href":"https:\/\/www.madelenon.com\/en\/wp-json\/wp\/v2\/media?parent=802"}],"wp:term":[{"taxonomy":"product_cat","embeddable":true,"href":"https:\/\/www.madelenon.com\/en\/wp-json\/wp\/v2\/product_cat?post=802"},{"taxonomy":"product_tag","embeddable":true,"href":"https:\/\/www.madelenon.com\/en\/wp-json\/wp\/v2\/product_tag?post=802"}],"curies":[{"name":"wp","href":"https:\/\/api.w.org\/{rel}","templated":true}]}}