{"id":773,"date":"2018-12-05T14:44:13","date_gmt":"2018-12-05T17:44:13","guid":{"rendered":"https:\/\/www.madelenon.com\/en\/?post_type=product&#038;p=773"},"modified":"2019-07-15T08:36:05","modified_gmt":"2019-07-15T11:36:05","slug":"pudding-set","status":"publish","type":"product","link":"https:\/\/www.madelenon.com\/en\/product\/pudding-set\/","title":{"rendered":"Pudding Set"},"content":{"rendered":"","protected":false},"excerpt":{"rendered":"<p class=\"western\"><span style=\"color: #000000;\">\u2018 <span style=\"font-family: Calibri, serif;\"><span style=\"font-size: small;\">\u1d25 \u2018 This is a PDF crochet pattern \u2013 NOT a doll \u2018 \u1d25 \u2018<\/span><\/span><\/span><\/p>\n<p class=\"western\"><strong>THEY LOOK SO CUTE WITH THEIR PUDDING OUTFITS<\/strong><\/p>\n<p class=\"western\">Even more if they\u2019re with Lana, the little star. Together they\u2019ll bring you the sweetest Christmas.<\/p>\n<p class=\"western\">Get the customizable pattern and prepare yourself for a magical Christmas.<\/p>\n<p class=\"western\">You can choose the entire set or pick some of the accessories to personalize the pattern as you prefer.<\/p>\n<p class=\"western\">Si necesit\u00e1s descargar este patr\u00f3n en espa\u00f1ol, visit\u00e1 el sitio www.madelenon.com\/es<\/p>\n<p><span style=\"color: #000000;\"><span style=\"font-family: Calibri, sans-serif;\"><span style=\"font-size: small;\">\u00a0<\/span><\/span><\/span><\/p>\n","protected":false},"featured_media":782,"template":"","meta":[],"product_cat":[18,19],"product_tag":[],"_links":{"self":[{"href":"https:\/\/www.madelenon.com\/en\/wp-json\/wp\/v2\/product\/773"}],"collection":[{"href":"https:\/\/www.madelenon.com\/en\/wp-json\/wp\/v2\/product"}],"about":[{"href":"https:\/\/www.madelenon.com\/en\/wp-json\/wp\/v2\/types\/product"}],"wp:featuredmedia":[{"embeddable":true,"href":"https:\/\/www.madelenon.com\/en\/wp-json\/wp\/v2\/media\/782"}],"wp:attachment":[{"href":"https:\/\/www.madelenon.com\/en\/wp-json\/wp\/v2\/media?parent=773"}],"wp:term":[{"taxonomy":"product_cat","embeddable":true,"href":"https:\/\/www.madelenon.com\/en\/wp-json\/wp\/v2\/product_cat?post=773"},{"taxonomy":"product_tag","embeddable":true,"href":"https:\/\/www.madelenon.com\/en\/wp-json\/wp\/v2\/product_tag?post=773"}],"curies":[{"name":"wp","href":"https:\/\/api.w.org\/{rel}","templated":true}]}}