{"id":502,"date":"2018-10-16T16:35:46","date_gmt":"2018-10-16T19:35:46","guid":{"rendered":"http:\/\/www.madelenon.com\/en\/?post_type=product&#038;p=502"},"modified":"2019-07-15T08:21:31","modified_gmt":"2019-07-15T11:21:31","slug":"maia-flamingo-dancer","status":"publish","type":"product","link":"https:\/\/www.madelenon.com\/en\/product\/maia-flamingo-dancer\/","title":{"rendered":"Maia Flamingo Dancer"},"content":{"rendered":"","protected":false},"excerpt":{"rendered":"<p>&#8216; \u1d25 &#8216; This is a PDF crochet pattern \u2013 NOT a doll &#8216; \u1d25 &#8216;<\/p>\n<p><strong>MAIA!<\/strong><br \/>\nThis is Maia, the dancing flamingo. Isn\u2019t she beautiful? It\u2019s approximately 27cm\/10,62 In but she can be bigger or smaller according to the material and hook you use.if you have any trouble with the pattern don\u2019t hesitate to contact me, it\u2019d be a pleasure to help.<br \/>\nI wrote this pattern in the simplest way I could. This pattern is made for those who knows basic crochet stitches such as magic ring, chain stitch, single crochet, increases and decreases. If you have any trouble with the pattern don\u2019t hesitate to contact me, it\u2019d be a pleasure to help..<br \/>\nSi necesit\u00e1s descargar este patr\u00f3n en espa\u00f1ol, visit\u00e1 el sitio www.madelenon.com\/es<\/p>\n","protected":false},"featured_media":503,"template":"","meta":[],"product_cat":[17,19],"product_tag":[],"_links":{"self":[{"href":"https:\/\/www.madelenon.com\/en\/wp-json\/wp\/v2\/product\/502"}],"collection":[{"href":"https:\/\/www.madelenon.com\/en\/wp-json\/wp\/v2\/product"}],"about":[{"href":"https:\/\/www.madelenon.com\/en\/wp-json\/wp\/v2\/types\/product"}],"wp:featuredmedia":[{"embeddable":true,"href":"https:\/\/www.madelenon.com\/en\/wp-json\/wp\/v2\/media\/503"}],"wp:attachment":[{"href":"https:\/\/www.madelenon.com\/en\/wp-json\/wp\/v2\/media?parent=502"}],"wp:term":[{"taxonomy":"product_cat","embeddable":true,"href":"https:\/\/www.madelenon.com\/en\/wp-json\/wp\/v2\/product_cat?post=502"},{"taxonomy":"product_tag","embeddable":true,"href":"https:\/\/www.madelenon.com\/en\/wp-json\/wp\/v2\/product_tag?post=502"}],"curies":[{"name":"wp","href":"https:\/\/api.w.org\/{rel}","templated":true}]}}