{"id":459,"date":"2022-04-29T12:58:41","date_gmt":"2022-04-29T15:58:41","guid":{"rendered":"http:\/\/www.madelenon.com\/en\/?post_type=product&#038;p=459"},"modified":"2022-04-29T15:44:12","modified_gmt":"2022-04-29T18:44:12","slug":"beca-the-deer","status":"publish","type":"product","link":"https:\/\/www.madelenon.com\/en\/product\/beca-the-deer\/","title":{"rendered":"Becca the Deer &#8211; Base Pattern"},"content":{"rendered":"","protected":false},"excerpt":{"rendered":"<p>&#8216; \u1d25 &#8216; This is a PDF crochet pattern \u2013 NOT a doll &#8216; \u1d25 &#8216;<\/p>\n<p><strong>LET\u2019S MEET BECCA!<\/strong><\/p>\n<p>This is wonderful Rebecca &#8211; you call her Becca, like I do. She\u2019s a lovely and kind deer. She enjoys strolling through the forest in good company and going to the cinema for a romantic movie. She\u2019s 21 cm\/ 8.26\u201d approx. but you can make her bigger or smaller according to the yarn and hook you use.<\/p>\n<p>Play with different colors and combine all the sets to create your own family and live the funniest adventures<\/p>\n<p>Si necesit\u00e1s descargar este patr\u00f3n en espa\u00f1ol, visit\u00e1 el sitio www.madelenon.com\/es<\/p>\n","protected":false},"featured_media":3249,"template":"","meta":[],"product_cat":[17,18,19],"product_tag":[],"_links":{"self":[{"href":"https:\/\/www.madelenon.com\/en\/wp-json\/wp\/v2\/product\/459"}],"collection":[{"href":"https:\/\/www.madelenon.com\/en\/wp-json\/wp\/v2\/product"}],"about":[{"href":"https:\/\/www.madelenon.com\/en\/wp-json\/wp\/v2\/types\/product"}],"wp:featuredmedia":[{"embeddable":true,"href":"https:\/\/www.madelenon.com\/en\/wp-json\/wp\/v2\/media\/3249"}],"wp:attachment":[{"href":"https:\/\/www.madelenon.com\/en\/wp-json\/wp\/v2\/media?parent=459"}],"wp:term":[{"taxonomy":"product_cat","embeddable":true,"href":"https:\/\/www.madelenon.com\/en\/wp-json\/wp\/v2\/product_cat?post=459"},{"taxonomy":"product_tag","embeddable":true,"href":"https:\/\/www.madelenon.com\/en\/wp-json\/wp\/v2\/product_tag?post=459"}],"curies":[{"name":"wp","href":"https:\/\/api.w.org\/{rel}","templated":true}]}}