{"id":4114,"date":"2025-09-30T08:02:04","date_gmt":"2025-09-30T11:02:04","guid":{"rendered":"https:\/\/www.madelenon.com\/en\/?post_type=product&#038;p=4114"},"modified":"2025-09-30T08:07:21","modified_gmt":"2025-09-30T11:07:21","slug":"spanish-dancer-outfit","status":"publish","type":"product","link":"https:\/\/www.madelenon.com\/en\/product\/spanish-dancer-outfit\/","title":{"rendered":"Spanish Dancer outfit"},"content":{"rendered":"","protected":false},"excerpt":{"rendered":"<p>&#8216; \u1d25 &#8216; This is a PDF crochet pattern \u2013 NOT a doll &#8216; \u1d25 &#8216;<\/p>\n<p>\u2018 \u1d25 \u2018 This pattern includes only the accessories instructions \u2013 <span class=\"HwtZe\" lang=\"en\"><span class=\"jCAhz ChMk0b\"><span class=\"ryNqvb\">Ruffled dress, headdress and fan<\/span><\/span><\/span> \u2018 \u1d25 \u2018<\/p>\n<p>An outfit full of ruffles, flowers and elegance with lots of rhythm, color and &#8220;ole&#8221;<\/p>\n<p>If you\u2019ve any trouble with the pattern, don\u2019t hesitate to ask, it\u2019s always a pleasure for me to be helpful.<\/p>\n<p>Play with different colors and combine all the sets to create your own family and live the funniest adventures<\/p>\n<p>Si necesit\u00e1s descargar este patr\u00f3n en espa\u00f1ol, visit\u00e1 el sitio www.madelenon.com\/es<\/p>\n","protected":false},"featured_media":4116,"template":"","meta":[],"product_cat":[18,19],"product_tag":[],"_links":{"self":[{"href":"https:\/\/www.madelenon.com\/en\/wp-json\/wp\/v2\/product\/4114"}],"collection":[{"href":"https:\/\/www.madelenon.com\/en\/wp-json\/wp\/v2\/product"}],"about":[{"href":"https:\/\/www.madelenon.com\/en\/wp-json\/wp\/v2\/types\/product"}],"wp:featuredmedia":[{"embeddable":true,"href":"https:\/\/www.madelenon.com\/en\/wp-json\/wp\/v2\/media\/4116"}],"wp:attachment":[{"href":"https:\/\/www.madelenon.com\/en\/wp-json\/wp\/v2\/media?parent=4114"}],"wp:term":[{"taxonomy":"product_cat","embeddable":true,"href":"https:\/\/www.madelenon.com\/en\/wp-json\/wp\/v2\/product_cat?post=4114"},{"taxonomy":"product_tag","embeddable":true,"href":"https:\/\/www.madelenon.com\/en\/wp-json\/wp\/v2\/product_tag?post=4114"}],"curies":[{"name":"wp","href":"https:\/\/api.w.org\/{rel}","templated":true}]}}