{"id":4074,"date":"2025-08-17T12:20:57","date_gmt":"2025-08-17T15:20:57","guid":{"rendered":"https:\/\/www.madelenon.com\/en\/?post_type=product&#038;p=4074"},"modified":"2025-08-17T12:25:19","modified_gmt":"2025-08-17T15:25:19","slug":"ski-gear","status":"publish","type":"product","link":"https:\/\/www.madelenon.com\/en\/product\/ski-gear\/","title":{"rendered":"Ski Gear"},"content":{"rendered":"","protected":false},"excerpt":{"rendered":"<p>&#8216; \u1d25 &#8216; This is a PDF crochet pattern \u2013 NOT a doll &#8216; \u1d25 &#8216;<\/p>\n<p>\u2018 \u1d25 \u2018 This pattern includes only the accessories instructions \u2013 Jacket, trousers, hat, shoes, skis and poles \u2018 \u1d25 \u2018<\/p>\n<p>Hugo had a great idea! Go skiing! So we&#8217;ll get his ski gear ready right away.<\/p>\n<p>If you\u2019ve any trouble with the pattern, don\u2019t hesitate to ask, it\u2019s always a pleasure for me to be helpful.<\/p>\n<p>Play with different colors and combine all the sets to create your own family and live the funniest adventures<\/p>\n<p>Si necesit\u00e1s descargar este patr\u00f3n en espa\u00f1ol, visit\u00e1 el sitio www.madelenon.com\/es<\/p>\n","protected":false},"featured_media":4076,"template":"","meta":[],"product_cat":[18,19],"product_tag":[],"_links":{"self":[{"href":"https:\/\/www.madelenon.com\/en\/wp-json\/wp\/v2\/product\/4074"}],"collection":[{"href":"https:\/\/www.madelenon.com\/en\/wp-json\/wp\/v2\/product"}],"about":[{"href":"https:\/\/www.madelenon.com\/en\/wp-json\/wp\/v2\/types\/product"}],"wp:featuredmedia":[{"embeddable":true,"href":"https:\/\/www.madelenon.com\/en\/wp-json\/wp\/v2\/media\/4076"}],"wp:attachment":[{"href":"https:\/\/www.madelenon.com\/en\/wp-json\/wp\/v2\/media?parent=4074"}],"wp:term":[{"taxonomy":"product_cat","embeddable":true,"href":"https:\/\/www.madelenon.com\/en\/wp-json\/wp\/v2\/product_cat?post=4074"},{"taxonomy":"product_tag","embeddable":true,"href":"https:\/\/www.madelenon.com\/en\/wp-json\/wp\/v2\/product_tag?post=4074"}],"curies":[{"name":"wp","href":"https:\/\/api.w.org\/{rel}","templated":true}]}}