{"id":4035,"date":"2025-06-13T11:16:53","date_gmt":"2025-06-13T14:16:53","guid":{"rendered":"https:\/\/www.madelenon.com\/en\/?post_type=product&#038;p=4035"},"modified":"2025-06-13T11:22:34","modified_gmt":"2025-06-13T14:22:34","slug":"school-of-magic-set","status":"publish","type":"product","link":"https:\/\/www.madelenon.com\/en\/product\/school-of-magic-set\/","title":{"rendered":"School of Magic Set"},"content":{"rendered":"","protected":false},"excerpt":{"rendered":"<p>&#8216; \u1d25 &#8216; This is a PDF crochet pattern \u2013 NOT a doll &#8216; \u1d25 &#8216;<\/p>\n<p>\u2018 \u1d25 \u2018 This pattern includes only the accessories instructions \u2013 Cloak, trousers, shoes, vest and tie \u2018 \u1d25 \u2018<\/p>\n<p><strong><span class=\"HwtZe\" lang=\"en\"><span class=\"jCAhz ChMk0b C1N51c\"><span class=\"ryNqvb\">CONGRATULATIONS<\/span><\/span><\/span>!<\/strong><\/p>\n<p>You&#8217;ve been chosen to attend magic school. Prepare your wand (or twig for now) and don&#8217;t forget your desire to learn spells.<\/p>\n<p>If you\u2019ve any trouble with the pattern, don\u2019t hesitate to ask, it\u2019s always a pleasure for me to be helpful.<\/p>\n<p>Play with different colors and combine all the sets to create your own family and live the funniest adventures<\/p>\n<p>Si necesit\u00e1s descargar este patr\u00f3n en espa\u00f1ol, visit\u00e1 el sitio www.madelenon.com\/es<\/p>\n","protected":false},"featured_media":4037,"template":"","meta":[],"product_cat":[18,19],"product_tag":[],"_links":{"self":[{"href":"https:\/\/www.madelenon.com\/en\/wp-json\/wp\/v2\/product\/4035"}],"collection":[{"href":"https:\/\/www.madelenon.com\/en\/wp-json\/wp\/v2\/product"}],"about":[{"href":"https:\/\/www.madelenon.com\/en\/wp-json\/wp\/v2\/types\/product"}],"wp:featuredmedia":[{"embeddable":true,"href":"https:\/\/www.madelenon.com\/en\/wp-json\/wp\/v2\/media\/4037"}],"wp:attachment":[{"href":"https:\/\/www.madelenon.com\/en\/wp-json\/wp\/v2\/media?parent=4035"}],"wp:term":[{"taxonomy":"product_cat","embeddable":true,"href":"https:\/\/www.madelenon.com\/en\/wp-json\/wp\/v2\/product_cat?post=4035"},{"taxonomy":"product_tag","embeddable":true,"href":"https:\/\/www.madelenon.com\/en\/wp-json\/wp\/v2\/product_tag?post=4035"}],"curies":[{"name":"wp","href":"https:\/\/api.w.org\/{rel}","templated":true}]}}