{"id":3629,"date":"2023-04-17T08:21:51","date_gmt":"2023-04-17T11:21:51","guid":{"rendered":"https:\/\/www.madelenon.com\/en\/?post_type=product&#038;p=3629"},"modified":"2023-04-17T08:27:48","modified_gmt":"2023-04-17T11:27:48","slug":"peasant-outfit","status":"publish","type":"product","link":"https:\/\/www.madelenon.com\/en\/product\/peasant-outfit\/","title":{"rendered":"Peasant Outfit"},"content":{"rendered":"","protected":false},"excerpt":{"rendered":"<p>&#8216; \u1d25 &#8216; This is a PDF crochet pattern \u2013 NOT a doll &#8216; \u1d25 &#8216;<\/p>\n<p>\u2018 \u1d25 \u2018 This pattern includes only the accessories instructions \u2013\u00a0 Skirt, apron and hat<\/p>\n<p><strong>COUNTRY LIFE!<\/strong><\/p>\n<p>If there is something that Hugo and his friends love, it is enjoying country life. If you\u2019ve any trouble with the pattern, don\u2019t hesitate to ask, it\u2019s always a pleasure for me to be helpful.<\/p>\n<p>Play with different colors and combine all the sets to create your own family and live the funniest adventures<\/p>\n<p>Si necesit\u00e1s descargar este patr\u00f3n en espa\u00f1ol, visit\u00e1 el sitio www.madelenon.com\/es<\/p>\n","protected":false},"featured_media":3631,"template":"","meta":[],"product_cat":[18,19],"product_tag":[],"_links":{"self":[{"href":"https:\/\/www.madelenon.com\/en\/wp-json\/wp\/v2\/product\/3629"}],"collection":[{"href":"https:\/\/www.madelenon.com\/en\/wp-json\/wp\/v2\/product"}],"about":[{"href":"https:\/\/www.madelenon.com\/en\/wp-json\/wp\/v2\/types\/product"}],"wp:featuredmedia":[{"embeddable":true,"href":"https:\/\/www.madelenon.com\/en\/wp-json\/wp\/v2\/media\/3631"}],"wp:attachment":[{"href":"https:\/\/www.madelenon.com\/en\/wp-json\/wp\/v2\/media?parent=3629"}],"wp:term":[{"taxonomy":"product_cat","embeddable":true,"href":"https:\/\/www.madelenon.com\/en\/wp-json\/wp\/v2\/product_cat?post=3629"},{"taxonomy":"product_tag","embeddable":true,"href":"https:\/\/www.madelenon.com\/en\/wp-json\/wp\/v2\/product_tag?post=3629"}],"curies":[{"name":"wp","href":"https:\/\/api.w.org\/{rel}","templated":true}]}}