{"id":3563,"date":"2023-03-21T16:36:43","date_gmt":"2023-03-21T19:36:43","guid":{"rendered":"https:\/\/www.madelenon.com\/en\/?post_type=product&#038;p=3563"},"modified":"2023-03-21T18:30:34","modified_gmt":"2023-03-21T21:30:34","slug":"marta-the-rabbit-base-pattern","status":"publish","type":"product","link":"https:\/\/www.madelenon.com\/en\/product\/marta-the-rabbit-base-pattern\/","title":{"rendered":"Marta the Rabbit &#8211; Base Pattern"},"content":{"rendered":"","protected":false},"excerpt":{"rendered":"<p>&#8216; \u1d25 &#8216; This is a PDF crochet pattern \u2013 NOT a doll &#8216; \u1d25 &#8216;<\/p>\n<p><strong>THIS IS MARTA!<\/strong><\/p>\n<p>Marta is a very educated, mature and elegant rabbit. What she enjoys most in life are traveling and good food. She is never afraid to try new things and tries to make the best in any situation. She\u2019s 21 cm\/ 8.26\u201d approx. but you can make him bigger or smaller according to the yarn and hook you use, and of course if you\u2019ve any doubts don\u2019t hesitate to contact me, I\u2019d love to help!<\/p>\n<p>Play with different colors and combine all the sets to create your own family and live the funniest adventures<\/p>\n<p>Si necesit\u00e1s descargar este patr\u00f3n en espa\u00f1ol, visit\u00e1 el sitio www.madelenon.com\/es<\/p>\n","protected":false},"featured_media":3571,"template":"","meta":[],"product_cat":[17,18,19],"product_tag":[],"_links":{"self":[{"href":"https:\/\/www.madelenon.com\/en\/wp-json\/wp\/v2\/product\/3563"}],"collection":[{"href":"https:\/\/www.madelenon.com\/en\/wp-json\/wp\/v2\/product"}],"about":[{"href":"https:\/\/www.madelenon.com\/en\/wp-json\/wp\/v2\/types\/product"}],"wp:featuredmedia":[{"embeddable":true,"href":"https:\/\/www.madelenon.com\/en\/wp-json\/wp\/v2\/media\/3571"}],"wp:attachment":[{"href":"https:\/\/www.madelenon.com\/en\/wp-json\/wp\/v2\/media?parent=3563"}],"wp:term":[{"taxonomy":"product_cat","embeddable":true,"href":"https:\/\/www.madelenon.com\/en\/wp-json\/wp\/v2\/product_cat?post=3563"},{"taxonomy":"product_tag","embeddable":true,"href":"https:\/\/www.madelenon.com\/en\/wp-json\/wp\/v2\/product_tag?post=3563"}],"curies":[{"name":"wp","href":"https:\/\/api.w.org\/{rel}","templated":true}]}}