{"id":341,"date":"2018-10-23T11:33:07","date_gmt":"2018-10-23T14:33:07","guid":{"rendered":"http:\/\/www.madelenon.com\/en\/?post_type=product&#038;p=341"},"modified":"2020-06-11T18:32:26","modified_gmt":"2020-06-11T21:32:26","slug":"hugo-oso","status":"publish","type":"product","link":"https:\/\/www.madelenon.com\/en\/product\/hugo-oso\/","title":{"rendered":"Polar Set"},"content":{"rendered":"","protected":false},"excerpt":{"rendered":"<p>&#8216; \u1d25 &#8216; This is a PDF crochet pattern \u2013 NOT a doll &#8216; \u1d25 &#8216;<\/p>\n<p><strong>READY FOR THE COLDEST WINTER?<\/strong><\/p>\n<p>Of course! With this sheepskin jacket and this warm hat, you can go out and spend some time with Gordon, the fish .<\/p>\n<p>Get the customizable pattern and take your friends to star stories in the snow.<\/p>\n<p>You can choose the entire set or pick some of the accessories to personalize the pattern as you prefer.<\/p>\n<p>Si necesit\u00e1s descargar este patr\u00f3n en espa\u00f1ol, visit\u00e1 el sitio www.madelenon.com\/es<\/p>\n","protected":false},"featured_media":351,"template":"","meta":[],"product_cat":[18,19],"product_tag":[],"_links":{"self":[{"href":"https:\/\/www.madelenon.com\/en\/wp-json\/wp\/v2\/product\/341"}],"collection":[{"href":"https:\/\/www.madelenon.com\/en\/wp-json\/wp\/v2\/product"}],"about":[{"href":"https:\/\/www.madelenon.com\/en\/wp-json\/wp\/v2\/types\/product"}],"wp:featuredmedia":[{"embeddable":true,"href":"https:\/\/www.madelenon.com\/en\/wp-json\/wp\/v2\/media\/351"}],"wp:attachment":[{"href":"https:\/\/www.madelenon.com\/en\/wp-json\/wp\/v2\/media?parent=341"}],"wp:term":[{"taxonomy":"product_cat","embeddable":true,"href":"https:\/\/www.madelenon.com\/en\/wp-json\/wp\/v2\/product_cat?post=341"},{"taxonomy":"product_tag","embeddable":true,"href":"https:\/\/www.madelenon.com\/en\/wp-json\/wp\/v2\/product_tag?post=341"}],"curies":[{"name":"wp","href":"https:\/\/api.w.org\/{rel}","templated":true}]}}