{"id":3259,"date":"2022-04-29T15:48:31","date_gmt":"2022-04-29T18:48:31","guid":{"rendered":"https:\/\/www.madelenon.com\/en\/?post_type=product&#038;p=3259"},"modified":"2022-04-29T15:52:39","modified_gmt":"2022-04-29T18:52:39","slug":"ray-the-elephant-base-pattern","status":"publish","type":"product","link":"https:\/\/www.madelenon.com\/en\/product\/ray-the-elephant-base-pattern\/","title":{"rendered":"Ray the Elephant &#8211; Base Pattern"},"content":{"rendered":"","protected":false},"excerpt":{"rendered":"<p>&#8216; \u1d25 &#8216; This is a PDF crochet pattern \u2013 NOT a doll &#8216; \u1d25 &#8216;<\/p>\n<p><strong>LET\u2019S MEET RAY!<\/strong><\/p>\n<p>This is Ray the elephant. Kindness, patience and wisdom are the perfect words to describe him! If you\u2019re in trouble, he\u2019s the person to go to for advice. And his baking skills are amazing, you\u2019ll love his homedade cookies. He\u2019s 21 cm\/ 8.26\u201d approx. but you can make him bigger or smaller according to the yarn and hook you use.<\/p>\n<p>Play with different colors and combine all the sets to create your own family and live the funniest adventures<\/p>\n<p>Si necesit\u00e1s descargar este patr\u00f3n en espa\u00f1ol, visit\u00e1 el sitio www.madelenon.com\/es<\/p>\n","protected":false},"featured_media":3261,"template":"","meta":[],"product_cat":[17,18,19],"product_tag":[],"_links":{"self":[{"href":"https:\/\/www.madelenon.com\/en\/wp-json\/wp\/v2\/product\/3259"}],"collection":[{"href":"https:\/\/www.madelenon.com\/en\/wp-json\/wp\/v2\/product"}],"about":[{"href":"https:\/\/www.madelenon.com\/en\/wp-json\/wp\/v2\/types\/product"}],"wp:featuredmedia":[{"embeddable":true,"href":"https:\/\/www.madelenon.com\/en\/wp-json\/wp\/v2\/media\/3261"}],"wp:attachment":[{"href":"https:\/\/www.madelenon.com\/en\/wp-json\/wp\/v2\/media?parent=3259"}],"wp:term":[{"taxonomy":"product_cat","embeddable":true,"href":"https:\/\/www.madelenon.com\/en\/wp-json\/wp\/v2\/product_cat?post=3259"},{"taxonomy":"product_tag","embeddable":true,"href":"https:\/\/www.madelenon.com\/en\/wp-json\/wp\/v2\/product_tag?post=3259"}],"curies":[{"name":"wp","href":"https:\/\/api.w.org\/{rel}","templated":true}]}}