{"id":3253,"date":"2022-04-29T15:44:30","date_gmt":"2022-04-29T18:44:30","guid":{"rendered":"https:\/\/www.madelenon.com\/en\/?post_type=product&#038;p=3253"},"modified":"2022-04-29T15:48:14","modified_gmt":"2022-04-29T18:48:14","slug":"duncan-the-dog-base-pattern","status":"publish","type":"product","link":"https:\/\/www.madelenon.com\/en\/product\/duncan-the-dog-base-pattern\/","title":{"rendered":"Duncan the Dog &#8211; Base Pattern"},"content":{"rendered":"","protected":false},"excerpt":{"rendered":"<p>&#8216; \u1d25 &#8216; This is a PDF crochet pattern \u2013 NOT a doll &#8216; \u1d25 &#8216;<\/p>\n<p><strong>THIS IS DUNCAN!<\/strong><\/p>\n<p>Duncan is the most friendly and talkactive dog. You can find him at every party, surrounded by hundreds of friends. If you show him your love, he\u2019ll be there for you forever. He\u2019s 21 cm\/ 8.26\u201d approx. but you can make him bigger or smaller according to the yarn and hook you use.<\/p>\n<p>Play with different colors and combine all the sets to create your own family and live the funniest adventures<\/p>\n<p>Si necesit\u00e1s descargar este patr\u00f3n en espa\u00f1ol, visit\u00e1 el sitio www.madelenon.com\/es<\/p>\n","protected":false},"featured_media":3255,"template":"","meta":[],"product_cat":[17,18,19],"product_tag":[],"_links":{"self":[{"href":"https:\/\/www.madelenon.com\/en\/wp-json\/wp\/v2\/product\/3253"}],"collection":[{"href":"https:\/\/www.madelenon.com\/en\/wp-json\/wp\/v2\/product"}],"about":[{"href":"https:\/\/www.madelenon.com\/en\/wp-json\/wp\/v2\/types\/product"}],"wp:featuredmedia":[{"embeddable":true,"href":"https:\/\/www.madelenon.com\/en\/wp-json\/wp\/v2\/media\/3255"}],"wp:attachment":[{"href":"https:\/\/www.madelenon.com\/en\/wp-json\/wp\/v2\/media?parent=3253"}],"wp:term":[{"taxonomy":"product_cat","embeddable":true,"href":"https:\/\/www.madelenon.com\/en\/wp-json\/wp\/v2\/product_cat?post=3253"},{"taxonomy":"product_tag","embeddable":true,"href":"https:\/\/www.madelenon.com\/en\/wp-json\/wp\/v2\/product_tag?post=3253"}],"curies":[{"name":"wp","href":"https:\/\/api.w.org\/{rel}","templated":true}]}}