{"id":3043,"date":"2021-11-21T14:16:30","date_gmt":"2021-11-21T17:16:30","guid":{"rendered":"https:\/\/www.madelenon.com\/en\/?post_type=product&#038;p=3043"},"modified":"2021-11-21T14:19:50","modified_gmt":"2021-11-21T17:19:50","slug":"aldana-the-fox","status":"publish","type":"product","link":"https:\/\/www.madelenon.com\/en\/product\/aldana-the-fox\/","title":{"rendered":"Aldana the Fox"},"content":{"rendered":"","protected":false},"excerpt":{"rendered":"<p>&#8216; \u1d25 &#8216; This is a PDF crochet pattern \u2013 NOT a doll &#8216; \u1d25 &#8216;<\/p>\n<p><strong>SHE IS ALDANA, THE FOX!<\/strong><\/p>\n<p>She has quite a temper and don\u2019t you dare trying to beat her, you\u2019ll surely lose (at least in her opinion). The most sincere, always has time for her friends. She\u2019s approx. 10 cm\/ 3,93\u201d long but you can make her bigger or smaller according to the yarn and hook you use. Of course, if you\u2019ve any trouble with the pattern, don\u2019t hesitate to ask, it\u2019s always a pleasure for me to be helpful.<\/p>\n<p>Si necesit\u00e1s descargar este patr\u00f3n en espa\u00f1ol, visit\u00e1 el sitio www.madelenon.com\/es<\/p>\n","protected":false},"featured_media":3045,"template":"","meta":[],"product_cat":[17,19],"product_tag":[],"_links":{"self":[{"href":"https:\/\/www.madelenon.com\/en\/wp-json\/wp\/v2\/product\/3043"}],"collection":[{"href":"https:\/\/www.madelenon.com\/en\/wp-json\/wp\/v2\/product"}],"about":[{"href":"https:\/\/www.madelenon.com\/en\/wp-json\/wp\/v2\/types\/product"}],"wp:featuredmedia":[{"embeddable":true,"href":"https:\/\/www.madelenon.com\/en\/wp-json\/wp\/v2\/media\/3045"}],"wp:attachment":[{"href":"https:\/\/www.madelenon.com\/en\/wp-json\/wp\/v2\/media?parent=3043"}],"wp:term":[{"taxonomy":"product_cat","embeddable":true,"href":"https:\/\/www.madelenon.com\/en\/wp-json\/wp\/v2\/product_cat?post=3043"},{"taxonomy":"product_tag","embeddable":true,"href":"https:\/\/www.madelenon.com\/en\/wp-json\/wp\/v2\/product_tag?post=3043"}],"curies":[{"name":"wp","href":"https:\/\/api.w.org\/{rel}","templated":true}]}}