{"id":3030,"date":"2021-11-21T14:07:25","date_gmt":"2021-11-21T17:07:25","guid":{"rendered":"https:\/\/www.madelenon.com\/en\/?post_type=product&#038;p=3030"},"modified":"2021-11-21T14:11:47","modified_gmt":"2021-11-21T17:11:47","slug":"emilia-the-piggy-copy","status":"publish","type":"product","link":"https:\/\/www.madelenon.com\/en\/product\/emilia-the-piggy-copy\/","title":{"rendered":"Alina the Mouse"},"content":{"rendered":"","protected":false},"excerpt":{"rendered":"<p>&#8216; \u1d25 &#8216; This is a PDF crochet pattern \u2013 NOT a doll &#8216; \u1d25 &#8216;<\/p>\n<p><strong>SHE IS ALINA!<\/strong><\/p>\n<p>Let me introduce you to Alina, the mouse. Gets mad easily but you can always count on her. And if you&#8217;re in trouble, she&#8217;s the one you should turn to for advice. She\u2019s approx. 10 cm \/ 3,93\u201d long but you can make her bigger or smaller according to the yarn and hook you use.<\/p>\n<p>Si necesit\u00e1s descargar este patr\u00f3n en espa\u00f1ol, visit\u00e1 el sitio www.madelenon.com\/es<\/p>\n","protected":false},"featured_media":3032,"template":"","meta":[],"product_cat":[17,19],"product_tag":[],"_links":{"self":[{"href":"https:\/\/www.madelenon.com\/en\/wp-json\/wp\/v2\/product\/3030"}],"collection":[{"href":"https:\/\/www.madelenon.com\/en\/wp-json\/wp\/v2\/product"}],"about":[{"href":"https:\/\/www.madelenon.com\/en\/wp-json\/wp\/v2\/types\/product"}],"wp:featuredmedia":[{"embeddable":true,"href":"https:\/\/www.madelenon.com\/en\/wp-json\/wp\/v2\/media\/3032"}],"wp:attachment":[{"href":"https:\/\/www.madelenon.com\/en\/wp-json\/wp\/v2\/media?parent=3030"}],"wp:term":[{"taxonomy":"product_cat","embeddable":true,"href":"https:\/\/www.madelenon.com\/en\/wp-json\/wp\/v2\/product_cat?post=3030"},{"taxonomy":"product_tag","embeddable":true,"href":"https:\/\/www.madelenon.com\/en\/wp-json\/wp\/v2\/product_tag?post=3030"}],"curies":[{"name":"wp","href":"https:\/\/api.w.org\/{rel}","templated":true}]}}