{"id":1946,"date":"2020-05-08T08:24:48","date_gmt":"2020-05-08T11:24:48","guid":{"rendered":"https:\/\/www.madelenon.com\/en\/?post_type=product&#038;p=1946"},"modified":"2020-05-08T08:29:45","modified_gmt":"2020-05-08T11:29:45","slug":"derek-the-groundhog","status":"publish","type":"product","link":"https:\/\/www.madelenon.com\/en\/product\/derek-the-groundhog\/","title":{"rendered":"Derek the Groundhog"},"content":{"rendered":"","protected":false},"excerpt":{"rendered":"<p>&#8216; \u1d25 &#8216; This is a PDF crochet pattern \u2013 NOT a doll &#8216; \u1d25 &#8216;<\/p>\n<p><strong>THIS IS DEREK!<\/strong><\/p>\n<p>Let me introduce you Derek, a super sociable groundhog who is always surrounded by friends. He\u2019s approx. 20 cm\/ 7,87 In long but you can make him bigger or smaller according to the yarn and hook you use.<\/p>\n<p>Si necesit\u00e1s descargar este patr\u00f3n en espa\u00f1ol, visit\u00e1 el sitio www.madelenon.com\/es<\/p>\n","protected":false},"featured_media":1948,"template":"","meta":[],"product_cat":[17,19],"product_tag":[],"_links":{"self":[{"href":"https:\/\/www.madelenon.com\/en\/wp-json\/wp\/v2\/product\/1946"}],"collection":[{"href":"https:\/\/www.madelenon.com\/en\/wp-json\/wp\/v2\/product"}],"about":[{"href":"https:\/\/www.madelenon.com\/en\/wp-json\/wp\/v2\/types\/product"}],"wp:featuredmedia":[{"embeddable":true,"href":"https:\/\/www.madelenon.com\/en\/wp-json\/wp\/v2\/media\/1948"}],"wp:attachment":[{"href":"https:\/\/www.madelenon.com\/en\/wp-json\/wp\/v2\/media?parent=1946"}],"wp:term":[{"taxonomy":"product_cat","embeddable":true,"href":"https:\/\/www.madelenon.com\/en\/wp-json\/wp\/v2\/product_cat?post=1946"},{"taxonomy":"product_tag","embeddable":true,"href":"https:\/\/www.madelenon.com\/en\/wp-json\/wp\/v2\/product_tag?post=1946"}],"curies":[{"name":"wp","href":"https:\/\/api.w.org\/{rel}","templated":true}]}}