{"id":1836,"date":"2020-04-19T09:44:34","date_gmt":"2020-04-19T12:44:34","guid":{"rendered":"https:\/\/www.madelenon.com\/en\/?post_type=product&#038;p=1836"},"modified":"2020-04-19T09:51:29","modified_gmt":"2020-04-19T12:51:29","slug":"randy-the-monkey","status":"publish","type":"product","link":"https:\/\/www.madelenon.com\/en\/product\/randy-the-monkey\/","title":{"rendered":"Randy the Monkey"},"content":{"rendered":"","protected":false},"excerpt":{"rendered":"<p>&#8216; \u1d25 &#8216; This is a PDF crochet pattern \u2013 NOT a doll &#8216; \u1d25 &#8216;<\/p>\n<p><strong>WELCOME TO MY JUNGLE!<\/strong><\/p>\n<p class=\"western\"><span style=\"font-size: small;\"><span lang=\"en-US\">He is Randy, a very cultured and elegant monkey. He\u2019s approx. <\/span><\/span><span style=\"font-size: small;\"><span lang=\"en-US\">21 cm\/ 8,26 In long but you can make him bigger or smaller according to the yarn and hook you use. Of course, if you\u2019ve any trouble with the pattern, don\u2019t hesitate to ask, it\u2019s always a pleasure for me to be helpful. <\/span><\/span><\/p>\n<p>Si necesit\u00e1s descargar este patr\u00f3n en espa\u00f1ol, visit\u00e1 el sitio www.madelenon.com\/es<\/p>\n","protected":false},"featured_media":1838,"template":"","meta":[],"product_cat":[17,19],"product_tag":[],"_links":{"self":[{"href":"https:\/\/www.madelenon.com\/en\/wp-json\/wp\/v2\/product\/1836"}],"collection":[{"href":"https:\/\/www.madelenon.com\/en\/wp-json\/wp\/v2\/product"}],"about":[{"href":"https:\/\/www.madelenon.com\/en\/wp-json\/wp\/v2\/types\/product"}],"wp:featuredmedia":[{"embeddable":true,"href":"https:\/\/www.madelenon.com\/en\/wp-json\/wp\/v2\/media\/1838"}],"wp:attachment":[{"href":"https:\/\/www.madelenon.com\/en\/wp-json\/wp\/v2\/media?parent=1836"}],"wp:term":[{"taxonomy":"product_cat","embeddable":true,"href":"https:\/\/www.madelenon.com\/en\/wp-json\/wp\/v2\/product_cat?post=1836"},{"taxonomy":"product_tag","embeddable":true,"href":"https:\/\/www.madelenon.com\/en\/wp-json\/wp\/v2\/product_tag?post=1836"}],"curies":[{"name":"wp","href":"https:\/\/api.w.org\/{rel}","templated":true}]}}