{"id":1827,"date":"2020-04-18T09:50:35","date_gmt":"2020-04-18T12:50:35","guid":{"rendered":"https:\/\/www.madelenon.com\/en\/?post_type=product&#038;p=1827"},"modified":"2020-04-18T10:00:40","modified_gmt":"2020-04-18T13:00:40","slug":"maia-lucy","status":"publish","type":"product","link":"https:\/\/www.madelenon.com\/en\/product\/maia-lucy\/","title":{"rendered":"Maia &#038; Lucy"},"content":{"rendered":"","protected":false},"excerpt":{"rendered":"<p>&#8216; \u1d25 &#8216; This is a PDF crochet pattern \u2013 NOT a doll &#8216; \u1d25 &#8216;<\/p>\n<p><strong>MAIA &amp; LUCY!<\/strong><br \/>\nI\u2019m glad to introduce you to Maia in her smallest version, but, as she seems so lonely I decided to make her a friend! What do you think? I think they look cute together.<br \/>\nLittle Maia\u2019s size 13 cm\/ 5.11 In and \u201cLucy\u201d the swan 7cm\/2.7 In (approx) but you can make they bigger or smaller according to the yarn and hook you use. Of course, if you\u2019ve any trouble with the pattern, don\u2019t hesitate to ask, it\u2019s always a pleasure for me to be helpful.<\/p>\n<p>Si necesit\u00e1s descargar este patr\u00f3n en espa\u00f1ol, visit\u00e1 el sitio www.madelenon.com\/es<\/p>\n","protected":false},"featured_media":1829,"template":"","meta":[],"product_cat":[17,19],"product_tag":[],"_links":{"self":[{"href":"https:\/\/www.madelenon.com\/en\/wp-json\/wp\/v2\/product\/1827"}],"collection":[{"href":"https:\/\/www.madelenon.com\/en\/wp-json\/wp\/v2\/product"}],"about":[{"href":"https:\/\/www.madelenon.com\/en\/wp-json\/wp\/v2\/types\/product"}],"wp:featuredmedia":[{"embeddable":true,"href":"https:\/\/www.madelenon.com\/en\/wp-json\/wp\/v2\/media\/1829"}],"wp:attachment":[{"href":"https:\/\/www.madelenon.com\/en\/wp-json\/wp\/v2\/media?parent=1827"}],"wp:term":[{"taxonomy":"product_cat","embeddable":true,"href":"https:\/\/www.madelenon.com\/en\/wp-json\/wp\/v2\/product_cat?post=1827"},{"taxonomy":"product_tag","embeddable":true,"href":"https:\/\/www.madelenon.com\/en\/wp-json\/wp\/v2\/product_tag?post=1827"}],"curies":[{"name":"wp","href":"https:\/\/api.w.org\/{rel}","templated":true}]}}