{"id":1380,"date":"2019-08-14T19:50:20","date_gmt":"2019-08-14T22:50:20","guid":{"rendered":"https:\/\/www.madelenon.com\/en\/?post_type=product&#038;p=1380"},"modified":"2019-08-28T19:50:56","modified_gmt":"2019-08-28T22:50:56","slug":"frank-the-crab","status":"publish","type":"product","link":"https:\/\/www.madelenon.com\/en\/product\/frank-the-crab\/","title":{"rendered":"Frank the Crab"},"content":{"rendered":"","protected":false},"excerpt":{"rendered":"<p>&#8216; \u1d25 &#8216; This is a PDF crochet pattern \u2013 NOT a doll &#8216; \u1d25 &#8216;<\/p>\n<p><strong>WELCOME TO MY SEA 3!<\/strong><\/p>\n<p>He is Frank! The baby crab He is super nice and loves to play all day with his best friends Nubia, the starfish and Nahuel, the octopus.<br \/>\nHe\u2019s approx. 10 cm\/3.93 In long but you can make him bigger or smaller according to the yarn and hook you use. Of course, if you\u2019ve any trouble with the pattern, don\u2019t hesitate to ask, it\u2019s always a pleasure for me to be helpful.<\/p>\n<p>Si necesit\u00e1s descargar este patr\u00f3n en espa\u00f1ol, visit\u00e1 el sitio www.madelenon.com\/es<\/p>\n","protected":false},"featured_media":1382,"template":"","meta":[],"product_cat":[17,19],"product_tag":[],"_links":{"self":[{"href":"https:\/\/www.madelenon.com\/en\/wp-json\/wp\/v2\/product\/1380"}],"collection":[{"href":"https:\/\/www.madelenon.com\/en\/wp-json\/wp\/v2\/product"}],"about":[{"href":"https:\/\/www.madelenon.com\/en\/wp-json\/wp\/v2\/types\/product"}],"wp:featuredmedia":[{"embeddable":true,"href":"https:\/\/www.madelenon.com\/en\/wp-json\/wp\/v2\/media\/1382"}],"wp:attachment":[{"href":"https:\/\/www.madelenon.com\/en\/wp-json\/wp\/v2\/media?parent=1380"}],"wp:term":[{"taxonomy":"product_cat","embeddable":true,"href":"https:\/\/www.madelenon.com\/en\/wp-json\/wp\/v2\/product_cat?post=1380"},{"taxonomy":"product_tag","embeddable":true,"href":"https:\/\/www.madelenon.com\/en\/wp-json\/wp\/v2\/product_tag?post=1380"}],"curies":[{"name":"wp","href":"https:\/\/api.w.org\/{rel}","templated":true}]}}