{"id":1335,"date":"2019-08-01T20:13:07","date_gmt":"2019-08-01T23:13:07","guid":{"rendered":"https:\/\/www.madelenon.com\/en\/?post_type=product&#038;p=1335"},"modified":"2020-05-26T06:59:03","modified_gmt":"2020-05-26T09:59:03","slug":"jane-the-seal","status":"publish","type":"product","link":"https:\/\/www.madelenon.com\/en\/product\/jane-the-seal\/","title":{"rendered":"Jane the Seal"},"content":{"rendered":"","protected":false},"excerpt":{"rendered":"<p>&#8216; \u1d25 &#8216; This is a PDF crochet pattern \u2013 NOT a doll &#8216; \u1d25 &#8216;<\/p>\n<p><strong>WELCOME TO MY SEA!<\/strong><\/p>\n<p>She is Jane! The baby seal. She is super sweetie and loves to play all day with his best friends Flynn, the dolphin and James, the seahorse.<br \/>\nShe\u2019s approx. 12 cm\/4.72 In long but you can make her bigger or smaller according to the yarn and hook you use. Of course, if you\u2019ve any trouble with the pattern, don\u2019t hesitate to ask, it\u2019s always a pleasure for me to be helpful.<\/p>\n<p>Si necesit\u00e1s descargar este patr\u00f3n en espa\u00f1ol, visit\u00e1 el sitio www.madelenon.com\/es<\/p>\n","protected":false},"featured_media":1329,"template":"","meta":[],"product_cat":[17,19],"product_tag":[],"_links":{"self":[{"href":"https:\/\/www.madelenon.com\/en\/wp-json\/wp\/v2\/product\/1335"}],"collection":[{"href":"https:\/\/www.madelenon.com\/en\/wp-json\/wp\/v2\/product"}],"about":[{"href":"https:\/\/www.madelenon.com\/en\/wp-json\/wp\/v2\/types\/product"}],"wp:featuredmedia":[{"embeddable":true,"href":"https:\/\/www.madelenon.com\/en\/wp-json\/wp\/v2\/media\/1329"}],"wp:attachment":[{"href":"https:\/\/www.madelenon.com\/en\/wp-json\/wp\/v2\/media?parent=1335"}],"wp:term":[{"taxonomy":"product_cat","embeddable":true,"href":"https:\/\/www.madelenon.com\/en\/wp-json\/wp\/v2\/product_cat?post=1335"},{"taxonomy":"product_tag","embeddable":true,"href":"https:\/\/www.madelenon.com\/en\/wp-json\/wp\/v2\/product_tag?post=1335"}],"curies":[{"name":"wp","href":"https:\/\/api.w.org\/{rel}","templated":true}]}}