{"id":1245,"date":"2019-07-19T14:39:48","date_gmt":"2019-07-19T17:39:48","guid":{"rendered":"https:\/\/www.madelenon.com\/en\/?post_type=product&#038;p=1245"},"modified":"2019-07-19T14:46:44","modified_gmt":"2019-07-19T17:46:44","slug":"my-jurassic-world","status":"publish","type":"product","link":"https:\/\/www.madelenon.com\/en\/product\/my-jurassic-world\/","title":{"rendered":"My Jurassic World"},"content":{"rendered":"","protected":false},"excerpt":{"rendered":"<p><strong>&#8216; \u1d25 &#8216; This is a PDF crochet pattern \u2013 NOT a doll &#8216; \u1d25 &#8216;<\/strong><\/p>\n<p><strong>MY JURASSIC WORLD!<\/strong><strong><br \/>\n<\/strong><\/p>\n<p>My son drove me crazy with dinosaurs, so I thought it would be a great idea to make him some dino-crochet friends!<br \/>\n&#8220;Pablo&#8221; the Allosaurus and &#8220;Laura&#8221; the Stegosaurus measure approximately 14 cm and &#8220;Esteban&#8221; the Brachiosaurus measures 20 cm, but they can be bigger or smaller according to the yarn and hook you useOf course, if you\u2019ve any trouble with the pattern, don\u2019t hesitate to ask, it\u2019s always a pleasure for me to be helpful.<\/p>\n<p>Si necesit\u00e1s descargar este patr\u00f3n en espa\u00f1ol, visit\u00e1 el sitio www.madelenon.com\/es<\/p>\n","protected":false},"featured_media":1247,"template":"","meta":[],"product_cat":[17,19],"product_tag":[],"_links":{"self":[{"href":"https:\/\/www.madelenon.com\/en\/wp-json\/wp\/v2\/product\/1245"}],"collection":[{"href":"https:\/\/www.madelenon.com\/en\/wp-json\/wp\/v2\/product"}],"about":[{"href":"https:\/\/www.madelenon.com\/en\/wp-json\/wp\/v2\/types\/product"}],"wp:featuredmedia":[{"embeddable":true,"href":"https:\/\/www.madelenon.com\/en\/wp-json\/wp\/v2\/media\/1247"}],"wp:attachment":[{"href":"https:\/\/www.madelenon.com\/en\/wp-json\/wp\/v2\/media?parent=1245"}],"wp:term":[{"taxonomy":"product_cat","embeddable":true,"href":"https:\/\/www.madelenon.com\/en\/wp-json\/wp\/v2\/product_cat?post=1245"},{"taxonomy":"product_tag","embeddable":true,"href":"https:\/\/www.madelenon.com\/en\/wp-json\/wp\/v2\/product_tag?post=1245"}],"curies":[{"name":"wp","href":"https:\/\/api.w.org\/{rel}","templated":true}]}}