{"id":1200,"date":"2019-07-15T09:05:48","date_gmt":"2019-07-15T12:05:48","guid":{"rendered":"https:\/\/www.madelenon.com\/en\/?post_type=product&#038;p=1200"},"modified":"2019-09-30T12:05:57","modified_gmt":"2019-09-30T15:05:57","slug":"my-farm","status":"publish","type":"product","link":"https:\/\/www.madelenon.com\/en\/product\/my-farm\/","title":{"rendered":"My Farm"},"content":{"rendered":"","protected":false},"excerpt":{"rendered":"<p>&#8216; \u1d25 &#8216; This is a PDF crochet pattern \u2013 NOT a doll &#8216; \u1d25 &#8216;<\/p>\n<p><strong>WELCOME TO MY FARM!<\/strong><strong><br \/>\n<\/strong><\/p>\n<p>They are Linda, the calf, Sam, the lamb and Tom, the piglet. They are very nice, cuddly and super fun!<br \/>\nEvery finished doll is approximately 8 cm\/ 3,14 In but they can be bigger or smaller according to the materail you use and the hook you choose. Of course, if you\u2019ve any trouble with the pattern, don\u2019t hesitate to ask, it\u2019s always a pleasure for me to be helpful.<\/p>\n<p>Si necesit\u00e1s descargar este patr\u00f3n en espa\u00f1ol, visit\u00e1 el sitio www.madelenon.com\/es<\/p>\n","protected":false},"featured_media":1189,"template":"","meta":[],"product_cat":[17,19],"product_tag":[],"_links":{"self":[{"href":"https:\/\/www.madelenon.com\/en\/wp-json\/wp\/v2\/product\/1200"}],"collection":[{"href":"https:\/\/www.madelenon.com\/en\/wp-json\/wp\/v2\/product"}],"about":[{"href":"https:\/\/www.madelenon.com\/en\/wp-json\/wp\/v2\/types\/product"}],"wp:featuredmedia":[{"embeddable":true,"href":"https:\/\/www.madelenon.com\/en\/wp-json\/wp\/v2\/media\/1189"}],"wp:attachment":[{"href":"https:\/\/www.madelenon.com\/en\/wp-json\/wp\/v2\/media?parent=1200"}],"wp:term":[{"taxonomy":"product_cat","embeddable":true,"href":"https:\/\/www.madelenon.com\/en\/wp-json\/wp\/v2\/product_cat?post=1200"},{"taxonomy":"product_tag","embeddable":true,"href":"https:\/\/www.madelenon.com\/en\/wp-json\/wp\/v2\/product_tag?post=1200"}],"curies":[{"name":"wp","href":"https:\/\/api.w.org\/{rel}","templated":true}]}}