{"id":1128,"date":"2019-06-14T09:10:06","date_gmt":"2019-06-14T12:10:06","guid":{"rendered":"https:\/\/www.madelenon.com\/en\/?post_type=product&#038;p=1128"},"modified":"2019-07-15T08:51:28","modified_gmt":"2019-07-15T11:51:28","slug":"didactic-book","status":"publish","type":"product","link":"https:\/\/www.madelenon.com\/en\/product\/didactic-book\/","title":{"rendered":"Didactic Book"},"content":{"rendered":"","protected":false},"excerpt":{"rendered":"<p>&#8216; \u1d25 &#8216; This is a PDF crochet pattern \u2013 NOT a doll &#8216; \u1d25 &#8216;<\/p>\n<p><strong>DIDACTIC BOOK!<\/strong><\/p>\n<p>This little book is designed for playing, stimulate your baby to enter the wonderful world of reading!<br \/>\nIt\u2019s approx. 10 cm\/ 3.93 In per side but you can make it littler or smaller according to the yarn and hook you use, and of course if you\u2019ve any doubts don\u2019t hesitate to contact me, I\u2019d love to help!<\/p>\n<p>Si necesit\u00e1s descargar este patr\u00f3n en espa\u00f1ol, visit\u00e1 el sitio www.madelenon.com\/es<\/p>\n","protected":false},"featured_media":1130,"template":"","meta":[],"product_cat":[17,19],"product_tag":[],"_links":{"self":[{"href":"https:\/\/www.madelenon.com\/en\/wp-json\/wp\/v2\/product\/1128"}],"collection":[{"href":"https:\/\/www.madelenon.com\/en\/wp-json\/wp\/v2\/product"}],"about":[{"href":"https:\/\/www.madelenon.com\/en\/wp-json\/wp\/v2\/types\/product"}],"wp:featuredmedia":[{"embeddable":true,"href":"https:\/\/www.madelenon.com\/en\/wp-json\/wp\/v2\/media\/1130"}],"wp:attachment":[{"href":"https:\/\/www.madelenon.com\/en\/wp-json\/wp\/v2\/media?parent=1128"}],"wp:term":[{"taxonomy":"product_cat","embeddable":true,"href":"https:\/\/www.madelenon.com\/en\/wp-json\/wp\/v2\/product_cat?post=1128"},{"taxonomy":"product_tag","embeddable":true,"href":"https:\/\/www.madelenon.com\/en\/wp-json\/wp\/v2\/product_tag?post=1128"}],"curies":[{"name":"wp","href":"https:\/\/api.w.org\/{rel}","templated":true}]}}