{"id":1089,"date":"2019-06-10T15:43:04","date_gmt":"2019-06-10T18:43:04","guid":{"rendered":"https:\/\/www.madelenon.com\/en\/?post_type=product&#038;p=1089"},"modified":"2019-08-28T20:16:15","modified_gmt":"2019-08-28T23:16:15","slug":"dario-the-raccoon","status":"publish","type":"product","link":"https:\/\/www.madelenon.com\/en\/product\/dario-the-raccoon\/","title":{"rendered":"Dario the Raccoon"},"content":{"rendered":"","protected":false},"excerpt":{"rendered":"<p>&#8216; \u1d25 &#8216; This is a PDF crochet pattern \u2013 NOT a doll &#8216; \u1d25 &#8216;<\/p>\n<p><strong>WELCOME TO MY FOREST!<\/strong><\/p>\n<p>He is Dario! The baby raccoon. He is very naughty and loves to walk through the forest with his best friends Eric, the fox and Chloe, the squirrel. His size is approximately 8 cm \/ 3,14 In long but you can make him bigger or smaller according to the yarn and hook you use and, of course, if you have any trouble with the pattern please let me know! It would be a pleasure for me to help.<\/p>\n<p>Si necesit\u00e1s descargar este patr\u00f3n en espa\u00f1ol, visit\u00e1 el sitio www.madelenon.com\/es<\/p>\n","protected":false},"featured_media":1091,"template":"","meta":[],"product_cat":[17,19],"product_tag":[],"_links":{"self":[{"href":"https:\/\/www.madelenon.com\/en\/wp-json\/wp\/v2\/product\/1089"}],"collection":[{"href":"https:\/\/www.madelenon.com\/en\/wp-json\/wp\/v2\/product"}],"about":[{"href":"https:\/\/www.madelenon.com\/en\/wp-json\/wp\/v2\/types\/product"}],"wp:featuredmedia":[{"embeddable":true,"href":"https:\/\/www.madelenon.com\/en\/wp-json\/wp\/v2\/media\/1091"}],"wp:attachment":[{"href":"https:\/\/www.madelenon.com\/en\/wp-json\/wp\/v2\/media?parent=1089"}],"wp:term":[{"taxonomy":"product_cat","embeddable":true,"href":"https:\/\/www.madelenon.com\/en\/wp-json\/wp\/v2\/product_cat?post=1089"},{"taxonomy":"product_tag","embeddable":true,"href":"https:\/\/www.madelenon.com\/en\/wp-json\/wp\/v2\/product_tag?post=1089"}],"curies":[{"name":"wp","href":"https:\/\/api.w.org\/{rel}","templated":true}]}}