{"id":1057,"date":"2019-05-19T19:06:09","date_gmt":"2019-05-19T22:06:09","guid":{"rendered":"https:\/\/www.madelenon.com\/en\/?post_type=product&#038;p=1057"},"modified":"2019-08-28T20:26:36","modified_gmt":"2019-08-28T23:26:36","slug":"emma-the-cactus","status":"publish","type":"product","link":"https:\/\/www.madelenon.com\/en\/product\/emma-the-cactus\/","title":{"rendered":"Emma the Cactus"},"content":{"rendered":"","protected":false},"excerpt":{"rendered":"<p>&#8216; \u1d25 &#8216; This is a PDF crochet pattern \u2013 NOT a doll &#8216; \u1d25 &#8216;<\/p>\n<p><strong>WELCOME TO MY TRIBE!<\/strong><\/p>\n<p>This is Emma, the new member of our tribe. She\u2019s a little bit shy but really loving. Her size is approximately 9 cm \/ 3,54 In but he can be bigger or smaller according to the material and hook you use and, of course, if you have any trouble with the pattern please let me know! It would be a pleasure for me to help.<\/p>\n<p>Si necesit\u00e1s descargar este patr\u00f3n en espa\u00f1ol, visit\u00e1 el sitio www.madelenon.com\/es<\/p>\n","protected":false},"featured_media":1059,"template":"","meta":[],"product_cat":[17,19],"product_tag":[],"_links":{"self":[{"href":"https:\/\/www.madelenon.com\/en\/wp-json\/wp\/v2\/product\/1057"}],"collection":[{"href":"https:\/\/www.madelenon.com\/en\/wp-json\/wp\/v2\/product"}],"about":[{"href":"https:\/\/www.madelenon.com\/en\/wp-json\/wp\/v2\/types\/product"}],"wp:featuredmedia":[{"embeddable":true,"href":"https:\/\/www.madelenon.com\/en\/wp-json\/wp\/v2\/media\/1059"}],"wp:attachment":[{"href":"https:\/\/www.madelenon.com\/en\/wp-json\/wp\/v2\/media?parent=1057"}],"wp:term":[{"taxonomy":"product_cat","embeddable":true,"href":"https:\/\/www.madelenon.com\/en\/wp-json\/wp\/v2\/product_cat?post=1057"},{"taxonomy":"product_tag","embeddable":true,"href":"https:\/\/www.madelenon.com\/en\/wp-json\/wp\/v2\/product_tag?post=1057"}],"curies":[{"name":"wp","href":"https:\/\/api.w.org\/{rel}","templated":true}]}}