{"id":1040,"date":"2019-05-11T17:35:34","date_gmt":"2019-05-11T20:35:34","guid":{"rendered":"https:\/\/www.madelenon.com\/en\/?post_type=product&#038;p=1040"},"modified":"2019-07-15T08:45:00","modified_gmt":"2019-07-15T11:45:00","slug":"my-little-pets","status":"publish","type":"product","link":"https:\/\/www.madelenon.com\/en\/product\/my-little-pets\/","title":{"rendered":"My Little Pets"},"content":{"rendered":"","protected":false},"excerpt":{"rendered":"<p>&#8216; \u1d25 &#8216; This is a PDF crochet pattern \u2013 NOT a doll &#8216; \u1d25 &#8216;<\/p>\n<p><strong>MY LITTLE PETS!<\/strong><\/p>\n<p>These adorable little friends are the perfect company! Cesar, the kitten, Adam, the puppy and Eloy, the bunny are more than ready for you to adopt them.<br \/>\nEvery finished doll is approximately\u00a08 cm\/3,14 In but he can be bigger or smaller according to the material and hook you use.<br \/>\nI wrote this pattern in the simplest way I could. This pattern is made for those who knows basic crochet stitches such as magic ring, chain stitch, single crochet, increases and decreases. If you have any trouble with the pattern don\u2019t hesitate to contact me, it\u2019d be a pleasure to help.<\/p>\n<p>Si necesit\u00e1s descargar este patr\u00f3n en espa\u00f1ol, visit\u00e1 el sitio www.madelenon.com\/es<\/p>\n","protected":false},"featured_media":1027,"template":"","meta":[],"product_cat":[17,19],"product_tag":[],"_links":{"self":[{"href":"https:\/\/www.madelenon.com\/en\/wp-json\/wp\/v2\/product\/1040"}],"collection":[{"href":"https:\/\/www.madelenon.com\/en\/wp-json\/wp\/v2\/product"}],"about":[{"href":"https:\/\/www.madelenon.com\/en\/wp-json\/wp\/v2\/types\/product"}],"wp:featuredmedia":[{"embeddable":true,"href":"https:\/\/www.madelenon.com\/en\/wp-json\/wp\/v2\/media\/1027"}],"wp:attachment":[{"href":"https:\/\/www.madelenon.com\/en\/wp-json\/wp\/v2\/media?parent=1040"}],"wp:term":[{"taxonomy":"product_cat","embeddable":true,"href":"https:\/\/www.madelenon.com\/en\/wp-json\/wp\/v2\/product_cat?post=1040"},{"taxonomy":"product_tag","embeddable":true,"href":"https:\/\/www.madelenon.com\/en\/wp-json\/wp\/v2\/product_tag?post=1040"}],"curies":[{"name":"wp","href":"https:\/\/api.w.org\/{rel}","templated":true}]}}