{"id":1033,"date":"2019-05-11T17:27:27","date_gmt":"2019-05-11T20:27:27","guid":{"rendered":"https:\/\/www.madelenon.com\/en\/?post_type=product&#038;p=1033"},"modified":"2019-07-15T08:44:34","modified_gmt":"2019-07-15T11:44:34","slug":"eloy-the-bunny","status":"publish","type":"product","link":"https:\/\/www.madelenon.com\/en\/product\/eloy-the-bunny\/","title":{"rendered":"Eloy the Bunny"},"content":{"rendered":"","protected":false},"excerpt":{"rendered":"<p>&#8216; \u1d25 &#8216; This is a PDF crochet pattern \u2013 NOT a doll &#8216; \u1d25 &#8216;<\/p>\n<p><strong>HE&#8217;S ELOY!<\/strong><\/p>\n<p>The bunny. He loves to eat carrots and play hide and seek with her best friends Adan, the puppy and Cesar, the kitten. He\u2019s approximately 8 cm\/3,14 In but he can be bigger or smaller according to the material and hook you use.<br \/>\nI wrote this pattern in the simplest way I could. This pattern is made for those who knows basic crochet stitches such as magic ring, chain stitch, single crochet, increases and decreases. If you have any trouble with the pattern don\u2019t hesitate to contact me, it\u2019d be a pleasure to help.<\/p>\n<p>Si necesit\u00e1s descargar este patr\u00f3n en espa\u00f1ol, visit\u00e1 el sitio www.madelenon.com\/es<\/p>\n","protected":false},"featured_media":1037,"template":"","meta":[],"product_cat":[17,19],"product_tag":[],"_links":{"self":[{"href":"https:\/\/www.madelenon.com\/en\/wp-json\/wp\/v2\/product\/1033"}],"collection":[{"href":"https:\/\/www.madelenon.com\/en\/wp-json\/wp\/v2\/product"}],"about":[{"href":"https:\/\/www.madelenon.com\/en\/wp-json\/wp\/v2\/types\/product"}],"wp:featuredmedia":[{"embeddable":true,"href":"https:\/\/www.madelenon.com\/en\/wp-json\/wp\/v2\/media\/1037"}],"wp:attachment":[{"href":"https:\/\/www.madelenon.com\/en\/wp-json\/wp\/v2\/media?parent=1033"}],"wp:term":[{"taxonomy":"product_cat","embeddable":true,"href":"https:\/\/www.madelenon.com\/en\/wp-json\/wp\/v2\/product_cat?post=1033"},{"taxonomy":"product_tag","embeddable":true,"href":"https:\/\/www.madelenon.com\/en\/wp-json\/wp\/v2\/product_tag?post=1033"}],"curies":[{"name":"wp","href":"https:\/\/api.w.org\/{rel}","templated":true}]}}