{"id":1022,"date":"2019-05-11T17:12:57","date_gmt":"2019-05-11T20:12:57","guid":{"rendered":"https:\/\/www.madelenon.com\/en\/?post_type=product&#038;p=1022"},"modified":"2019-07-15T08:42:58","modified_gmt":"2019-07-15T11:42:58","slug":"adan-the-puppy","status":"publish","type":"product","link":"https:\/\/www.madelenon.com\/en\/product\/adan-the-puppy\/","title":{"rendered":"Adan the Puppy"},"content":{"rendered":"","protected":false},"excerpt":{"rendered":"<p>&#8216; \u1d25 &#8216; This is a PDF crochet pattern \u2013 NOT a doll &#8216; \u1d25 &#8216;<\/p>\n<p><strong>HE&#8217;S ADAN!<\/strong><\/p>\n<p>The puppy. He loves to be cuddled and go out to play with his best friends Cesar, the kitten and Eloy, the bunny. \u00a0He\u2019s approximately 8 cm\/3,14 In but he can be bigger or smaller according to the material and hook you use.<br \/>\nI wrote this pattern in the simplest way I could. This pattern is made for those who knows basic crochet stitches such as magic ring, chain stitch, single crochet, increases and decreases. If you have any trouble with the pattern don\u2019t hesitate to contact me, it\u2019d be a pleasure to help.<\/p>\n<p>Si necesit\u00e1s descargar este patr\u00f3n en espa\u00f1ol, visit\u00e1 el sitio www.madelenon.com\/es<\/p>\n","protected":false},"featured_media":1024,"template":"","meta":[],"product_cat":[17,19],"product_tag":[],"_links":{"self":[{"href":"https:\/\/www.madelenon.com\/en\/wp-json\/wp\/v2\/product\/1022"}],"collection":[{"href":"https:\/\/www.madelenon.com\/en\/wp-json\/wp\/v2\/product"}],"about":[{"href":"https:\/\/www.madelenon.com\/en\/wp-json\/wp\/v2\/types\/product"}],"wp:featuredmedia":[{"embeddable":true,"href":"https:\/\/www.madelenon.com\/en\/wp-json\/wp\/v2\/media\/1024"}],"wp:attachment":[{"href":"https:\/\/www.madelenon.com\/en\/wp-json\/wp\/v2\/media?parent=1022"}],"wp:term":[{"taxonomy":"product_cat","embeddable":true,"href":"https:\/\/www.madelenon.com\/en\/wp-json\/wp\/v2\/product_cat?post=1022"},{"taxonomy":"product_tag","embeddable":true,"href":"https:\/\/www.madelenon.com\/en\/wp-json\/wp\/v2\/product_tag?post=1022"}],"curies":[{"name":"wp","href":"https:\/\/api.w.org\/{rel}","templated":true}]}}